{"id":390,"date":"2021-06-23T14:34:19","date_gmt":"2021-06-23T12:34:19","guid":{"rendered":"https:\/\/campaigns.ancotrans.com\/?page_id=390"},"modified":"2021-08-19T12:48:40","modified_gmt":"2021-08-19T10:48:40","slug":"7-steg-for-att-undvika-avbrott-i-din-transportkedja","status":"publish","type":"page","link":"https:\/\/campaigns.ancotrans.com\/sv\/7-steg-for-att-undvika-avbrott-i-din-transportkedja\/","title":{"rendered":"7 tips f\u00f6r att undvika st\u00f6rningar i din transportkedja"},"content":{"rendered":"<div class=\"block-cta-advanced relative bg-cover bg-center bg-no-repeat pt-6 md:pt-12 lg:pt-12 pb-16 md:pb-16 lg:pb-24    theme-dark schema-bg-color-primary lazy-bg\"\n     id=\"\"\n\n     style=\"background-image: url('data:image\/gif;base64,R0lGODlhAQABAIAAAP\/\/\/\/\/\/\/yH5BAEKAAEALAAAAAABAAEAAAICTAEAOw==')\"\n     data-src=\"https:\/\/campaigns.ancotrans.com\/wp-content\/uploads\/sites\/159\/2021\/05\/Skaermbillede-2021-05-26-105236.png\"\n\n    data-design-type=\"type_1\"\n    >\n\n    \n\n    <div class=\"absolute inset-0 z-10\"\n         style=\"background-color: #436d5d; opacity: 0.70\"><\/div>\n\n    \n    \n        \n<div class=\"relative z-10 pt-24 lg:pt-0\">\n\n    <div class=\"container\">\n        <div class=\"lg:flex\">\n            <div class=\"lg:w-2\/3 flex flex-col justify-end pb-12 lg:pt-24 xl:pt-32 lg:pr-32 xl:pr-48\">\n\n                                <div class=\"relative \">\n\n                    \n\n                    <div class=\"relative z-10\">\n                        <header class=\"mb-3\">\n                                                            <div class=\"pre-heading \">\n                                    CHECKLISTA                                <\/div>\n                                                        <h1 class=\" break-words md:break-normal\">\n                                7 tips f\u00f6r att undvika st\u00f6rningar i din transportkedja                            <\/h1>\n                        <\/header>\n                        <div class=\" \">\n                            <div class=\"wysiwyg-content text-sm \">\n                                                            <\/div>\n                        <\/div>\n                    <\/div>\n\n                <\/div>\n                \n                            <\/div>\n            <div class=\"lg:w-1\/3 relative\">\n\n                <div id=\"block_cta-adv-form\" class=\"relative z-20 lg:absolute lg:top-0 lg:right-0 lg:left-0\">\n\n\n                    <div class=\"bg-white theme-light shadow-2xl rounded p-1 relative  overflow-hidden\">\n                        \n                        <div class=\"\">\n                            \n    <div class=\"flex justify-center items-center overflow-hidden rounded relative overlay-50\">\n        <div class=\"max-w-sm\">\n            <img src=\"https:\/\/campaigns.ancotrans.com\/wp-content\/uploads\/sites\/159\/2021\/08\/Mockup_Tjekliste_SE.png\" alt=\"\" class=\"max-w-full\">\n        <\/div>\n    <\/div>\n\n                        <\/div>\n\n                        <div class=\"p-6\">\n\n                            <header class=\"mb-3\">\n                                                                    <div class=\"pre-heading\">\n                                        CHECKLISTA                                    <\/div>\n                                                                <h2 class=\"\">\n                                    Inga fler st\u00f6rningar                                <\/h2>\n                            <\/header>\n\n                            <div class=\"wysiwyg-content text-sm mb-6\">\n                                Se vilka sju steg du kan f\u00f6lja f\u00f6r att undvika st\u00f6rningar i din transportkedja.                            <\/div>\n\n                                                            <div class=\"\">\n                                    \n\n\n\n        <script type=\"text\/javascript\">\n\/\/----------------------------------------------------------\n\/\/------ JAVASCRIPT HOOK FUNCTIONS FOR GRAVITY FORMS -------\n\/\/----------------------------------------------------------\n\nif ( ! gform ) {\n\tdocument.addEventListener( 'gform_main_scripts_loaded', function() { gform.scriptsLoaded = true; } );\n\twindow.addEventListener( 'DOMContentLoaded', function() { gform.domLoaded = true; } );\n\n\tvar gform = {\n\t\tdomLoaded: false,\n\t\tscriptsLoaded: false,\n\t\tinitializeOnLoaded: function( fn ) {\n\t\t\tif ( gform.domLoaded && gform.scriptsLoaded ) {\n\t\t\t\tfn();\n\t\t\t} else if( ! gform.domLoaded && gform.scriptsLoaded ) {\n\t\t\t\twindow.addEventListener( 'DOMContentLoaded', fn );\n\t\t\t} else {\n\t\t\t\tdocument.addEventListener( 'gform_main_scripts_loaded', fn );\n\t\t\t}\n\t\t},\n\t\thooks: { action: {}, filter: {} },\n\t\taddAction: function( action, callable, priority, tag ) {\n\t\t\tgform.addHook( 'action', action, callable, priority, tag );\n\t\t},\n\t\taddFilter: function( action, callable, priority, tag ) {\n\t\t\tgform.addHook( 'filter', action, callable, priority, tag );\n\t\t},\n\t\tdoAction: function( action ) {\n\t\t\tgform.doHook( 'action', action, arguments );\n\t\t},\n\t\tapplyFilters: function( action ) {\n\t\t\treturn gform.doHook( 'filter', action, arguments );\n\t\t},\n\t\tremoveAction: function( action, tag ) {\n\t\t\tgform.removeHook( 'action', action, tag );\n\t\t},\n\t\tremoveFilter: function( action, priority, tag ) {\n\t\t\tgform.removeHook( 'filter', action, priority, tag );\n\t\t},\n\t\taddHook: function( hookType, action, callable, priority, tag ) {\n\t\t\tif ( undefined == gform.hooks[hookType][action] ) {\n\t\t\t\tgform.hooks[hookType][action] = [];\n\t\t\t}\n\t\t\tvar hooks = gform.hooks[hookType][action];\n\t\t\tif ( undefined == tag ) {\n\t\t\t\ttag = action + '_' + hooks.length;\n\t\t\t}\n\t\t\tif( priority == undefined ){\n\t\t\t\tpriority = 10;\n\t\t\t}\n\n\t\t\tgform.hooks[hookType][action].push( { tag:tag, callable:callable, priority:priority } );\n\t\t},\n\t\tdoHook: function( hookType, action, args ) {\n\n\t\t\t\/\/ splice args from object into array and remove first index which is the hook name\n\t\t\targs = Array.prototype.slice.call(args, 1);\n\n\t\t\tif ( undefined != gform.hooks[hookType][action] ) {\n\t\t\t\tvar hooks = gform.hooks[hookType][action], hook;\n\t\t\t\t\/\/sort by priority\n\t\t\t\thooks.sort(function(a,b){return a[\"priority\"]-b[\"priority\"]});\n\n\t\t\t\thooks.forEach( function( hookItem ) {\n\t\t\t\t\thook = hookItem.callable;\n\n\t\t\t\t\tif(typeof hook != 'function')\n\t\t\t\t\t\thook = window[hook];\n\t\t\t\t\tif ( 'action' == hookType ) {\n\t\t\t\t\t\thook.apply(null, args);\n\t\t\t\t\t} else {\n\t\t\t\t\t\targs[0] = hook.apply(null, args);\n\t\t\t\t\t}\n\t\t\t\t} );\n\t\t\t}\n\t\t\tif ( 'filter'==hookType ) {\n\t\t\t\treturn args[0];\n\t\t\t}\n\t\t},\n\t\tremoveHook: function( hookType, action, priority, tag ) {\n\t\t\tif ( undefined != gform.hooks[hookType][action] ) {\n\t\t\t\tvar hooks = gform.hooks[hookType][action];\n\t\t\t\thooks = hooks.filter( function(hook, index, arr) {\n\t\t\t\t\tvar removeHook = (undefined==tag||tag==hook.tag) && (undefined==priority||priority==hook.priority);\n\t\t\t\t\treturn !removeHook;\n\t\t\t\t} );\n\t\t\t\tgform.hooks[hookType][action] = hooks;\n\t\t\t}\n\t\t}\n\t};\n}\n<\/script>\n                <div class='gf_browser_gecko gform_wrapper gform_wrapper_original_id_4 gform_legacy_markup_wrapper' id='gform_wrapper_1527898259' ><div id='gf_1527898259' class='gform_anchor' tabindex='-1'><\/div><form method='post' enctype='multipart\/form-data' target='gform_ajax_frame_1527898259' id='gform_1527898259'  action='\/sv\/wp-json\/wp\/v2\/pages\/390#gf_1527898259' >\n                        <div class='gform_body gform-body'><ul id='gform_fields_1527898259' class='gform_fields top_label form_sublabel_below description_below'><li id=\"field_4_1\"  class=\"gfield input-type-text input-size-medium input-size-medium gfield_contains_required field_sublabel_below field_description_below gfield_visibility_visible\"  data-js-reload=\"field_4_1\"><label class='gfield_label' for='input_1527898259_1' >F\u00d6RNAMN<span class=\"gfield_required\"><span class=\"gfield_required gfield_required_asterisk\">*<\/span><\/span><\/label><div class='ginput_container ginput_container_text'><input name='input_1' id='input_1527898259_1' type='text' value='' class='medium'     aria-required=\"true\" aria-invalid=\"false\"   \/> <\/div><\/li><li id=\"field_4_2\"  class=\"gfield input-type-text input-size-medium input-size-medium gfield_contains_required field_sublabel_below field_description_below gfield_visibility_visible\"  data-js-reload=\"field_4_2\"><label class='gfield_label' for='input_1527898259_2' >EFTERNAMN<span class=\"gfield_required\"><span class=\"gfield_required gfield_required_asterisk\">*<\/span><\/span><\/label><div class='ginput_container ginput_container_text'><input name='input_2' id='input_1527898259_2' type='text' value='' class='medium'     aria-required=\"true\" aria-invalid=\"false\"   \/> <\/div><\/li><li id=\"field_4_3\"  class=\"gfield input-type-text input-size-large input-size-large gfield_contains_required field_sublabel_below field_description_below gfield_visibility_visible\"  data-js-reload=\"field_4_3\"><label class='gfield_label' for='input_1527898259_3' >F\u00d6RETAG<span class=\"gfield_required\"><span class=\"gfield_required gfield_required_asterisk\">*<\/span><\/span><\/label><div class='ginput_container ginput_container_text'><input name='input_3' id='input_1527898259_3' type='text' value='' class='large'     aria-required=\"true\" aria-invalid=\"false\"   \/> <\/div><\/li><li id=\"field_4_4\"  class=\"gfield input-type-email input-size-large input-size-large gfield_contains_required field_sublabel_below field_description_below gfield_visibility_visible\"  data-js-reload=\"field_4_4\"><label class='gfield_label' for='input_1527898259_4' >E-POSTADRESS F\u00d6R ARBETE<span class=\"gfield_required\"><span class=\"gfield_required gfield_required_asterisk\">*<\/span><\/span><\/label><div class='ginput_container ginput_container_email'>\n                            <input name='input_4' id='input_1527898259_4' type='text' value='' class='large'    aria-required=\"true\" aria-invalid=\"false\"  \/>\n                        <\/div><\/li><li id=\"field_4_5\"  class=\"gfield input-type-hidden input-size-medium input-size-medium gform_hidden field_sublabel_below field_description_below gfield_visibility_visible\"  data-js-reload=\"field_4_5\"><div class='ginput_container ginput_container_text'><input name='input_5' id='input_1527898259_5' type='hidden' class='gform_hidden'  aria-invalid=\"false\" value='Organic \/ Direct' \/><\/div><\/li><li id=\"field_4_6\"  class=\"gfield input-type-hidden input-size-medium input-size-medium gform_hidden field_sublabel_below field_description_below gfield_visibility_visible\"  data-js-reload=\"field_4_6\"><div class='ginput_container ginput_container_text'><input name='input_6' id='input_1527898259_6' type='hidden' class='gform_hidden'  aria-invalid=\"false\" value='Trigger - checklista 7 stegen' \/><\/div><\/li><li id=\"field_4_7\"  class=\"gfield input-type-terms input-size-large input-size-large field_sublabel_below field_description_below gfield_visibility_visible\"  data-js-reload=\"field_4_7\"><label class='gfield_label' for='input_1527898259_7' >Acceptera villkoren<\/label><div class=\"ginput_container \" id=\"gf_terms_container_642907689\"><div class=\"custom-checkbox flex items-center\"><input aria-required=\"true\" aria-invalid=\"false\" id=\"input_642907689_7\" class=\"input\" type=\"checkbox\" name=\"input_7\" value=\"terms_accepted\"  \/><label><span class=\"text-xs normal-case line\" for=\"input_642907689_7\">Genom att skicka in formul\u00e4ret godk\u00e4nner du v\u00e5r Ancotrans.<\/span><\/label><\/div><\/div><\/li><\/ul><\/div>\n        <div class='gform_footer top_label'> <button class='btn btn-primary button gform_button' id='gform_submit_button_1527898259'>Se de 7 stegen<span class='float-right ml-3 mr-3'><i class='far fa-long-arrow-right'><\/i><\/span><\/button> <input type='hidden' name='gform_ajax' value='form_id=4&amp;title=&amp;description=&amp;tabindex=-1' \/>\n            <input type='hidden' class='gform_hidden' name='is_submit_4' value='1' \/>\n            <input type='hidden' class='gform_hidden' name='gform_submit' value='4' \/>\n            \n            <input type='hidden' class='gform_hidden' name='gform_unique_id' value='' \/>\n            <input type='hidden' class='gform_hidden' name='state_4' value='WyJbXSIsIjljMTUyN2Y4ODQ4YTJhMTRhZTgxZTUyNDIzZTQ2NjY3Il0=' \/>\n            <input type='hidden' class='gform_hidden' name='gform_target_page_number_4' id='gform_target_page_number_4' value='0' \/>\n            <input type='hidden' class='gform_hidden' name='gform_source_page_number_4' id='gform_source_page_number_4' value='1' \/>\n            <input type='hidden' name='gform_random_id' value='1527898259' \/><input type='hidden' name='gform_field_values' value='' \/>\n            \n        <\/div>\n                        <\/form>\n                        <\/div>\n                <iframe style='display:none;width:0px;height:0px;' src='about:blank' name='gform_ajax_frame_1527898259' id='gform_ajax_frame_1527898259' title='Denna iframe inneh\u00e5ller logiken som beh\u00f6vs f\u00f6r att hantera Gravity Forms med Ajax-st\u00f6d.'><\/iframe>\n                <script type=\"text\/javascript\">\ngform.initializeOnLoaded( function() {gformInitSpinner( 1527898259, 'https:\/\/campaigns.ancotrans.com\/wp-content\/themes\/mindmill\/images\/ajax-loader.gif' );jQuery('#gform_ajax_frame_1527898259').on('load',function(){var contents = jQuery(this).contents().find('*').html();var is_postback = contents.indexOf('GF_AJAX_POSTBACK') >= 0;if(!is_postback){return;}var form_content = jQuery(this).contents().find('#gform_wrapper_1527898259');var is_confirmation = jQuery(this).contents().find('#gform_confirmation_wrapper_1527898259').length > 0;var is_redirect = contents.indexOf('gformRedirect(){') >= 0;var is_form = form_content.length > 0 && ! is_redirect && ! is_confirmation;var mt = parseInt(jQuery('html').css('margin-top'), 10) + parseInt(jQuery('body').css('margin-top'), 10) + 100;if(is_form){jQuery('#gform_wrapper_1527898259').html(form_content.html());if(form_content.hasClass('gform_validation_error')){jQuery('#gform_wrapper_1527898259').addClass('gform_validation_error');} else {jQuery('#gform_wrapper_1527898259').removeClass('gform_validation_error');}setTimeout( function() { \/* delay the scroll by 50 milliseconds to fix a bug in chrome *\/ jQuery(document).scrollTop(jQuery('#gform_wrapper_1527898259').offset().top - mt); }, 50 );if(window['gformInitDatepicker']) {gformInitDatepicker();}if(window['gformInitPriceFields']) {gformInitPriceFields();}var current_page = jQuery('#gform_source_page_number_4').val();gformInitSpinner( 1527898259, 'https:\/\/campaigns.ancotrans.com\/wp-content\/themes\/mindmill\/images\/ajax-loader.gif' );jQuery(document).trigger('gform_page_loaded', [1527898259, current_page]);window['gf_submitting_1527898259'] = false;}else if(!is_redirect){var confirmation_content = jQuery(this).contents().find('.GF_AJAX_POSTBACK').html();if(!confirmation_content){confirmation_content = contents;}setTimeout(function(){jQuery('#gform_wrapper_1527898259').replaceWith(confirmation_content);jQuery(document).scrollTop(jQuery('#gf_1527898259').offset().top - mt);jQuery(document).trigger('gform_confirmation_loaded', [1527898259]);window['gf_submitting_1527898259'] = false;wp.a11y.speak(jQuery('#gform_confirmation_message_1527898259').text());}, 50);}else{jQuery('#gform_1527898259').append(contents);if(window['gformRedirect']) {gformRedirect();}}jQuery(document).trigger('gform_post_render', [1527898259, current_page]);} );} );\n<\/script>\n\n                                <\/div>\n                            \n                                                    <\/div>\n\n\n\n                    <\/div>\n\n                    \n                <\/div>\n            <\/div>\n        <\/div>\n    <\/div>\n<\/div>\n\n    <\/div>\n    <div class=\"theme-light schema-bg-color-light_background \">\n        <div class=\"container\">\n\n            \n                            <div class=\"pt-16 md:pt-16 lg:pt-24 pb-16 md:pb-32 lg:pb-32\">\n                    <div class=\"flex flex-col\">\n                        <div class=\"lg:w-2\/3 lg:pr-32 xl:pr-48\">\n\n                            <header class=\"mb-3\">\n                                \n                                <h2 class='text-2xl'><\/h2>\n                            <\/header>\n                            <div class=\"wysiwyg-content text-sm\">\n                                <p><strong>Containertransporter \u00e4r ofta ett logistiskt pussel. Tyv\u00e4rr \u00e4r f\u00f6rseningar n\u00e5got man f\u00e5r st\u00e5 ut med inom transport.<\/strong><\/p>\n<p>Ogynnsamma v\u00e4gf\u00f6rh\u00e5llanden, logistiska problem, lagar och regler, kapacitetsbegr\u00e4nsningar, och mer utg\u00f6r risker som kan leda till uteblivna leveranser, on\u00f6diga kostnader och f\u00f6rlorade vinster.<\/p>\n<p>Frakt\u00e4gare arbetar h\u00e5rt varje dag f\u00f6r att minska f\u00f6rseningar, och d\u00e4rf\u00f6r har vi sammanst\u00e4llt sju steg f\u00f6r att undvika st\u00f6rningar.<\/p>\n                            <\/div>\n\n                        <\/div>\n\n                    <\/div>\n\n\n                                    <\/div>\n            \n\n        <\/div>\n    <\/div>\n\n\n<div class=\"container\"><div class=\"lg:mx-auto max-w-2xl\"><div class=\"core_spacer\">\n<div style=\"height:170px\" aria-hidden=\"true\" class=\"wp-block-spacer\"><\/div>\n<\/div><\/div><\/div>","protected":false},"excerpt":{"rendered":"","protected":false},"author":1,"featured_media":0,"parent":0,"menu_order":0,"comment_status":"closed","ping_status":"closed","template":"","meta":[],"segment":[],"acf":[],"yoast_head":"<!-- This site is optimized with the Yoast SEO plugin v19.14 - https:\/\/yoast.com\/wordpress\/plugins\/seo\/ -->\n<title>7 tips f\u00f6r att undvika st\u00f6rningar i din transportkedja - Ancotrans - Campaigns<\/title>\n<meta name=\"robots\" content=\"index, follow, max-snippet:-1, max-image-preview:large, max-video-preview:-1\" \/>\n<link rel=\"canonical\" href=\"https:\/\/campaigns.ancotrans.com\/sv\/7-steg-for-att-undvika-avbrott-i-din-transportkedja\/\" \/>\n<meta property=\"og:locale\" content=\"sv_SE\" \/>\n<meta property=\"og:type\" content=\"article\" \/>\n<meta property=\"og:title\" content=\"7 tips f\u00f6r att undvika st\u00f6rningar i din transportkedja - Ancotrans - Campaigns\" \/>\n<meta property=\"og:url\" content=\"https:\/\/campaigns.ancotrans.com\/sv\/7-steg-for-att-undvika-avbrott-i-din-transportkedja\/\" \/>\n<meta property=\"og:site_name\" content=\"Ancotrans - Campaigns\" \/>\n<meta property=\"article:modified_time\" content=\"2021-08-19T10:48:40+00:00\" \/>\n<meta name=\"twitter:card\" content=\"summary_large_image\" \/>\n<script type=\"application\/ld+json\" class=\"yoast-schema-graph\">{\"@context\":\"https:\/\/schema.org\",\"@graph\":[{\"@type\":\"WebPage\",\"@id\":\"https:\/\/campaigns.ancotrans.com\/sv\/7-steg-for-att-undvika-avbrott-i-din-transportkedja\/\",\"url\":\"https:\/\/campaigns.ancotrans.com\/sv\/7-steg-for-att-undvika-avbrott-i-din-transportkedja\/\",\"name\":\"7 tips f\u00f6r att undvika st\u00f6rningar i din transportkedja - Ancotrans - Campaigns\",\"isPartOf\":{\"@id\":\"https:\/\/campaigns.ancotrans.com\/nl\/#website\"},\"datePublished\":\"2021-06-23T12:34:19+00:00\",\"dateModified\":\"2021-08-19T10:48:40+00:00\",\"inLanguage\":\"sv-SE\",\"potentialAction\":[{\"@type\":\"ReadAction\",\"target\":[\"https:\/\/campaigns.ancotrans.com\/sv\/7-steg-for-att-undvika-avbrott-i-din-transportkedja\/\"]}]},{\"@type\":\"WebSite\",\"@id\":\"https:\/\/campaigns.ancotrans.com\/nl\/#website\",\"url\":\"https:\/\/campaigns.ancotrans.com\/nl\/\",\"name\":\"Ancotrans - Campaigns\",\"description\":\"\",\"potentialAction\":[{\"@type\":\"SearchAction\",\"target\":{\"@type\":\"EntryPoint\",\"urlTemplate\":\"https:\/\/campaigns.ancotrans.com\/nl\/?s={search_term_string}\"},\"query-input\":\"required name=search_term_string\"}],\"inLanguage\":\"sv-SE\"}]}<\/script>\n<!-- \/ Yoast SEO plugin. -->","yoast_head_json":{"title":"7 tips f\u00f6r att undvika st\u00f6rningar i din transportkedja - Ancotrans - Campaigns","robots":{"index":"index","follow":"follow","max-snippet":"max-snippet:-1","max-image-preview":"max-image-preview:large","max-video-preview":"max-video-preview:-1"},"canonical":"https:\/\/campaigns.ancotrans.com\/sv\/7-steg-for-att-undvika-avbrott-i-din-transportkedja\/","og_locale":"sv_SE","og_type":"article","og_title":"7 tips f\u00f6r att undvika st\u00f6rningar i din transportkedja - Ancotrans - Campaigns","og_url":"https:\/\/campaigns.ancotrans.com\/sv\/7-steg-for-att-undvika-avbrott-i-din-transportkedja\/","og_site_name":"Ancotrans - Campaigns","article_modified_time":"2021-08-19T10:48:40+00:00","twitter_card":"summary_large_image","schema":{"@context":"https:\/\/schema.org","@graph":[{"@type":"WebPage","@id":"https:\/\/campaigns.ancotrans.com\/sv\/7-steg-for-att-undvika-avbrott-i-din-transportkedja\/","url":"https:\/\/campaigns.ancotrans.com\/sv\/7-steg-for-att-undvika-avbrott-i-din-transportkedja\/","name":"7 tips f\u00f6r att undvika st\u00f6rningar i din transportkedja - Ancotrans - Campaigns","isPartOf":{"@id":"https:\/\/campaigns.ancotrans.com\/nl\/#website"},"datePublished":"2021-06-23T12:34:19+00:00","dateModified":"2021-08-19T10:48:40+00:00","inLanguage":"sv-SE","potentialAction":[{"@type":"ReadAction","target":["https:\/\/campaigns.ancotrans.com\/sv\/7-steg-for-att-undvika-avbrott-i-din-transportkedja\/"]}]},{"@type":"WebSite","@id":"https:\/\/campaigns.ancotrans.com\/nl\/#website","url":"https:\/\/campaigns.ancotrans.com\/nl\/","name":"Ancotrans - Campaigns","description":"","potentialAction":[{"@type":"SearchAction","target":{"@type":"EntryPoint","urlTemplate":"https:\/\/campaigns.ancotrans.com\/nl\/?s={search_term_string}"},"query-input":"required name=search_term_string"}],"inLanguage":"sv-SE"}]}},"_links":{"self":[{"href":"https:\/\/campaigns.ancotrans.com\/sv\/wp-json\/wp\/v2\/pages\/390"}],"collection":[{"href":"https:\/\/campaigns.ancotrans.com\/sv\/wp-json\/wp\/v2\/pages"}],"about":[{"href":"https:\/\/campaigns.ancotrans.com\/sv\/wp-json\/wp\/v2\/types\/page"}],"author":[{"embeddable":true,"href":"https:\/\/campaigns.ancotrans.com\/sv\/wp-json\/wp\/v2\/users\/1"}],"replies":[{"embeddable":true,"href":"https:\/\/campaigns.ancotrans.com\/sv\/wp-json\/wp\/v2\/comments?post=390"}],"version-history":[{"count":16,"href":"https:\/\/campaigns.ancotrans.com\/sv\/wp-json\/wp\/v2\/pages\/390\/revisions"}],"predecessor-version":[{"id":782,"href":"https:\/\/campaigns.ancotrans.com\/sv\/wp-json\/wp\/v2\/pages\/390\/revisions\/782"}],"wp:attachment":[{"href":"https:\/\/campaigns.ancotrans.com\/sv\/wp-json\/wp\/v2\/media?parent=390"}],"wp:term":[{"taxonomy":"segment","embeddable":true,"href":"https:\/\/campaigns.ancotrans.com\/sv\/wp-json\/wp\/v2\/segment?post=390"}],"curies":[{"name":"wp","href":"https:\/\/api.w.org\/{rel}","templated":true}]}}