{"id":471,"date":"2021-06-24T14:53:25","date_gmt":"2021-06-24T12:53:25","guid":{"rendered":"https:\/\/campaigns.ancotrans.com\/?page_id=471"},"modified":"2021-08-19T13:09:01","modified_gmt":"2021-08-19T11:09:01","slug":"7-schritte-richtigen-transportpartners","status":"publish","type":"page","link":"https:\/\/campaigns.ancotrans.com\/de\/7-schritte-richtigen-transportpartners\/","title":{"rendered":"Sieben Tipps zur Auswahl des richtigen Transportpartners"},"content":{"rendered":"<div class=\"block-cta-advanced relative bg-cover bg-center bg-no-repeat pt-6 md:pt-12 lg:pt-12 pb-16 md:pb-16 lg:pb-24    theme-dark schema-bg-color-primary lazy-bg\"\n     id=\"\"\n\n     style=\"background-image: url('data:image\/gif;base64,R0lGODlhAQABAIAAAP\/\/\/\/\/\/\/yH5BAEKAAEALAAAAAABAAEAAAICTAEAOw==')\"\n     data-src=\"https:\/\/campaigns.ancotrans.com\/wp-content\/uploads\/sites\/159\/2021\/05\/1571921191848-scaled.jpg\"\n\n    data-design-type=\"type_1\"\n    >\n\n    \n\n    <div class=\"absolute inset-0 z-10\"\n         style=\"background-color: #436d5d; opacity: 0.70\"><\/div>\n\n    \n    \n        \n<div class=\"relative z-10 pt-24 lg:pt-0\">\n\n    <div class=\"container\">\n        <div class=\"lg:flex\">\n            <div class=\"lg:w-2\/3 flex flex-col justify-end pb-12 lg:pt-24 xl:pt-32 lg:pr-32 xl:pr-48\">\n\n                                <div class=\"relative \">\n\n                    \n\n                    <div class=\"relative z-10\">\n                        <header class=\"mb-3\">\n                                                            <div class=\"pre-heading \">\n                                    ONEPAGER                                <\/div>\n                                                        <h1 class=\" break-words md:break-normal\">\n                                Sieben Tipps zur Auswahl des richtigen Transportpartners                            <\/h1>\n                        <\/header>\n                        <div class=\" \">\n                            <div class=\"wysiwyg-content text-sm \">\n                                                            <\/div>\n                        <\/div>\n                    <\/div>\n\n                <\/div>\n                \n                            <\/div>\n            <div class=\"lg:w-1\/3 relative\">\n\n                <div id=\"block_cta-adv-form\" class=\"relative z-20 lg:absolute lg:top-0 lg:right-0 lg:left-0\">\n\n\n                    <div class=\"bg-white theme-light shadow-2xl rounded p-1 relative  overflow-hidden\">\n                        \n                        <div class=\"\">\n                            \n    <div class=\"overflow-hidden  \">\n        <img src=\"https:\/\/campaigns.ancotrans.com\/wp-content\/uploads\/sites\/159\/2021\/08\/Mockup_TransportationPartner_DE.png\" alt=\"\" class=\"inline-block max-w-full max-h-full\" loading=\"lazy\">\n    <\/div>\n\n                        <\/div>\n\n                        <div class=\"p-6\">\n\n                            <header class=\"mb-3\">\n                                                                <h2 class=\"\">\n                                    Erfahren Sie, wie Sie den richtigen Transport- partner finden                                <\/h2>\n                            <\/header>\n\n                            <div class=\"wysiwyg-content text-sm mb-6\">\n                                Wir verraten Ihnen sieben Tipps zur Auswahl eines Transportpartners, der genau zu Ihren Bed\u00fcrfnissen passt, Ihnen hilft, Unterbrechungen zu minimieren und ein umfangreiches Transportnetzwerk bietet.                            <\/div>\n\n                                                            <div class=\"\">\n                                    \n\n\n\n        <script type=\"text\/javascript\">\n\/\/----------------------------------------------------------\n\/\/------ JAVASCRIPT HOOK FUNCTIONS FOR GRAVITY FORMS -------\n\/\/----------------------------------------------------------\n\nif ( ! gform ) {\n\tdocument.addEventListener( 'gform_main_scripts_loaded', function() { gform.scriptsLoaded = true; } );\n\twindow.addEventListener( 'DOMContentLoaded', function() { gform.domLoaded = true; } );\n\n\tvar gform = {\n\t\tdomLoaded: false,\n\t\tscriptsLoaded: false,\n\t\tinitializeOnLoaded: function( fn ) {\n\t\t\tif ( gform.domLoaded && gform.scriptsLoaded ) {\n\t\t\t\tfn();\n\t\t\t} else if( ! gform.domLoaded && gform.scriptsLoaded ) {\n\t\t\t\twindow.addEventListener( 'DOMContentLoaded', fn );\n\t\t\t} else {\n\t\t\t\tdocument.addEventListener( 'gform_main_scripts_loaded', fn );\n\t\t\t}\n\t\t},\n\t\thooks: { action: {}, filter: {} },\n\t\taddAction: function( action, callable, priority, tag ) {\n\t\t\tgform.addHook( 'action', action, callable, priority, tag );\n\t\t},\n\t\taddFilter: function( action, callable, priority, tag ) {\n\t\t\tgform.addHook( 'filter', action, callable, priority, tag );\n\t\t},\n\t\tdoAction: function( action ) {\n\t\t\tgform.doHook( 'action', action, arguments );\n\t\t},\n\t\tapplyFilters: function( action ) {\n\t\t\treturn gform.doHook( 'filter', action, arguments );\n\t\t},\n\t\tremoveAction: function( action, tag ) {\n\t\t\tgform.removeHook( 'action', action, tag );\n\t\t},\n\t\tremoveFilter: function( action, priority, tag ) {\n\t\t\tgform.removeHook( 'filter', action, priority, tag );\n\t\t},\n\t\taddHook: function( hookType, action, callable, priority, tag ) {\n\t\t\tif ( undefined == gform.hooks[hookType][action] ) {\n\t\t\t\tgform.hooks[hookType][action] = [];\n\t\t\t}\n\t\t\tvar hooks = gform.hooks[hookType][action];\n\t\t\tif ( undefined == tag ) {\n\t\t\t\ttag = action + '_' + hooks.length;\n\t\t\t}\n\t\t\tif( priority == undefined ){\n\t\t\t\tpriority = 10;\n\t\t\t}\n\n\t\t\tgform.hooks[hookType][action].push( { tag:tag, callable:callable, priority:priority } );\n\t\t},\n\t\tdoHook: function( hookType, action, args ) {\n\n\t\t\t\/\/ splice args from object into array and remove first index which is the hook name\n\t\t\targs = Array.prototype.slice.call(args, 1);\n\n\t\t\tif ( undefined != gform.hooks[hookType][action] ) {\n\t\t\t\tvar hooks = gform.hooks[hookType][action], hook;\n\t\t\t\t\/\/sort by priority\n\t\t\t\thooks.sort(function(a,b){return a[\"priority\"]-b[\"priority\"]});\n\n\t\t\t\thooks.forEach( function( hookItem ) {\n\t\t\t\t\thook = hookItem.callable;\n\n\t\t\t\t\tif(typeof hook != 'function')\n\t\t\t\t\t\thook = window[hook];\n\t\t\t\t\tif ( 'action' == hookType ) {\n\t\t\t\t\t\thook.apply(null, args);\n\t\t\t\t\t} else {\n\t\t\t\t\t\targs[0] = hook.apply(null, args);\n\t\t\t\t\t}\n\t\t\t\t} );\n\t\t\t}\n\t\t\tif ( 'filter'==hookType ) {\n\t\t\t\treturn args[0];\n\t\t\t}\n\t\t},\n\t\tremoveHook: function( hookType, action, priority, tag ) {\n\t\t\tif ( undefined != gform.hooks[hookType][action] ) {\n\t\t\t\tvar hooks = gform.hooks[hookType][action];\n\t\t\t\thooks = hooks.filter( function(hook, index, arr) {\n\t\t\t\t\tvar removeHook = (undefined==tag||tag==hook.tag) && (undefined==priority||priority==hook.priority);\n\t\t\t\t\treturn !removeHook;\n\t\t\t\t} );\n\t\t\t\tgform.hooks[hookType][action] = hooks;\n\t\t\t}\n\t\t}\n\t};\n}\n<\/script>\n                <div class='gf_browser_gecko gform_wrapper gform_wrapper_original_id_3 gform_legacy_markup_wrapper' id='gform_wrapper_1398959563' ><div id='gf_1398959563' class='gform_anchor' tabindex='-1'><\/div><form method='post' enctype='multipart\/form-data' target='gform_ajax_frame_1398959563' id='gform_1398959563'  action='\/de\/wp-json\/wp\/v2\/pages\/471#gf_1398959563' >\n                        <div class='gform_body gform-body'><ul id='gform_fields_1398959563' class='gform_fields top_label form_sublabel_below description_below'><li id=\"field_3_8\"  class=\"gfield gfield--width-full input-type-radio input-size-large input-size-large field_sublabel_below field_description_below gfield_visibility_visible\"  data-js-reload=\"field_3_8\"><label class='gfield_label'  >ANREDE<\/label><div class='ginput_container ginput_container_radio'><ul class='gfield_radio' id='input_1398959563_8'>\n\t\t\t<li class='gchoice gchoice_3_8_0'>\n\t\t\t\t<input name='input_8' type='radio' value='HERR'  id='choice_1398959563_3_8_0'    \/>\n\t\t\t\t<label for='choice_1398959563_3_8_0' id='label_1398959563_3_8_0'>HERR<\/label>\n\t\t\t<\/li>\n\t\t\t<li class='gchoice gchoice_3_8_1'>\n\t\t\t\t<input name='input_8' type='radio' value='FRAU'  id='choice_1398959563_3_8_1'    \/>\n\t\t\t\t<label for='choice_1398959563_3_8_1' id='label_1398959563_3_8_1'>FRAU<\/label>\n\t\t\t<\/li><\/ul><\/div><\/li><li id=\"field_3_1\"  class=\"gfield input-type-text input-size-medium input-size-medium gfield_contains_required field_sublabel_below field_description_below gfield_visibility_visible\"  data-js-reload=\"field_3_1\"><label class='gfield_label' for='input_1398959563_1' >VORNAME<span class=\"gfield_required\"><span class=\"gfield_required gfield_required_asterisk\">*<\/span><\/span><\/label><div class='ginput_container ginput_container_text'><input name='input_1' id='input_1398959563_1' type='text' value='' class='medium'     aria-required=\"true\" aria-invalid=\"false\"   \/> <\/div><\/li><li id=\"field_3_2\"  class=\"gfield input-type-text input-size-medium input-size-medium gfield_contains_required field_sublabel_below field_description_below gfield_visibility_visible\"  data-js-reload=\"field_3_2\"><label class='gfield_label' for='input_1398959563_2' >NACHNAME<span class=\"gfield_required\"><span class=\"gfield_required gfield_required_asterisk\">*<\/span><\/span><\/label><div class='ginput_container ginput_container_text'><input name='input_2' id='input_1398959563_2' type='text' value='' class='medium'     aria-required=\"true\" aria-invalid=\"false\"   \/> <\/div><\/li><li id=\"field_3_3\"  class=\"gfield input-type-text input-size-large input-size-large gfield_contains_required field_sublabel_below field_description_below gfield_visibility_visible\"  data-js-reload=\"field_3_3\"><label class='gfield_label' for='input_1398959563_3' >UNTERNEHMEN<span class=\"gfield_required\"><span class=\"gfield_required gfield_required_asterisk\">*<\/span><\/span><\/label><div class='ginput_container ginput_container_text'><input name='input_3' id='input_1398959563_3' type='text' value='' class='large'     aria-required=\"true\" aria-invalid=\"false\"   \/> <\/div><\/li><li id=\"field_3_4\"  class=\"gfield input-type-email input-size-large input-size-large gfield_contains_required field_sublabel_below field_description_below gfield_visibility_visible\"  data-js-reload=\"field_3_4\"><label class='gfield_label' for='input_1398959563_4' >E-MAIL-ADRESSE<span class=\"gfield_required\"><span class=\"gfield_required gfield_required_asterisk\">*<\/span><\/span><\/label><div class='ginput_container ginput_container_email'>\n                            <input name='input_4' id='input_1398959563_4' type='text' value='' class='large'    aria-required=\"true\" aria-invalid=\"false\"  \/>\n                        <\/div><\/li><li id=\"field_3_5\"  class=\"gfield input-type-hidden input-size-medium input-size-medium gform_hidden field_sublabel_below field_description_below gfield_visibility_visible\"  data-js-reload=\"field_3_5\"><div class='ginput_container ginput_container_text'><input name='input_5' id='input_1398959563_5' type='hidden' class='gform_hidden'  aria-invalid=\"false\" value='Organic \/ Direct' \/><\/div><\/li><li id=\"field_3_6\"  class=\"gfield input-type-hidden input-size-medium input-size-medium gform_hidden field_sublabel_below field_description_below gfield_visibility_visible\"  data-js-reload=\"field_3_6\"><div class='ginput_container ginput_container_text'><input name='input_6' id='input_1398959563_6' type='hidden' class='gform_hidden'  aria-invalid=\"false\" value='Trigger - kurzfassung - 7 Schritte Transportpartners' \/><\/div><\/li><li id=\"field_3_7\"  class=\"gfield input-type-terms input-size-large input-size-large field_sublabel_below field_description_below gfield_visibility_visible\"  data-js-reload=\"field_3_7\"><label class='gfield_label' for='input_1398959563_7' >Nutzungsbedingungen akzeptieren<\/label><div class=\"ginput_container \" id=\"gf_terms_container_1304861899\"><div class=\"custom-checkbox flex items-center\"><input aria-required=\"true\" aria-invalid=\"false\" id=\"input_1304861899_7\" class=\"input\" type=\"checkbox\" name=\"input_7\" value=\"terms_accepted\"  \/><label><span class=\"text-xs normal-case line\" for=\"input_1304861899_7\">Mit dem Absenden des Formulars erkl\u00e4ren Sie sich mit unserer Ancotrans.<\/span><\/label><\/div><\/div><\/li><\/ul><\/div>\n        <div class='gform_footer top_label'> <button class='btn btn-primary button gform_button' id='gform_submit_button_1398959563'>Die sieben Tipps ansehen<span class='float-right ml-3 mr-3'><i class='far fa-long-arrow-right'><\/i><\/span><\/button> <input type='hidden' name='gform_ajax' value='form_id=3&amp;title=&amp;description=&amp;tabindex=-1' \/>\n            <input type='hidden' class='gform_hidden' name='is_submit_3' value='1' \/>\n            <input type='hidden' class='gform_hidden' name='gform_submit' value='3' \/>\n            \n            <input type='hidden' class='gform_hidden' name='gform_unique_id' value='' \/>\n            <input type='hidden' class='gform_hidden' name='state_3' value='WyJbXSIsIjljMTUyN2Y4ODQ4YTJhMTRhZTgxZTUyNDIzZTQ2NjY3Il0=' \/>\n            <input type='hidden' class='gform_hidden' name='gform_target_page_number_3' id='gform_target_page_number_3' value='0' \/>\n            <input type='hidden' class='gform_hidden' name='gform_source_page_number_3' id='gform_source_page_number_3' value='1' \/>\n            <input type='hidden' name='gform_random_id' value='1398959563' \/><input type='hidden' name='gform_field_values' value='' \/>\n            \n        <\/div>\n                        <\/form>\n                        <\/div>\n                <iframe style='display:none;width:0px;height:0px;' src='about:blank' name='gform_ajax_frame_1398959563' id='gform_ajax_frame_1398959563' title='Dieser iframe enth\u00e4lt die erforderliche Logik um Gravity Forms Formulare mit AJAX zu handhaben.'><\/iframe>\n                <script type=\"text\/javascript\">\ngform.initializeOnLoaded( function() {gformInitSpinner( 1398959563, 'https:\/\/campaigns.ancotrans.com\/wp-content\/themes\/mindmill\/images\/ajax-loader.gif' );jQuery('#gform_ajax_frame_1398959563').on('load',function(){var contents = jQuery(this).contents().find('*').html();var is_postback = contents.indexOf('GF_AJAX_POSTBACK') >= 0;if(!is_postback){return;}var form_content = jQuery(this).contents().find('#gform_wrapper_1398959563');var is_confirmation = jQuery(this).contents().find('#gform_confirmation_wrapper_1398959563').length > 0;var is_redirect = contents.indexOf('gformRedirect(){') >= 0;var is_form = form_content.length > 0 && ! is_redirect && ! is_confirmation;var mt = parseInt(jQuery('html').css('margin-top'), 10) + parseInt(jQuery('body').css('margin-top'), 10) + 100;if(is_form){jQuery('#gform_wrapper_1398959563').html(form_content.html());if(form_content.hasClass('gform_validation_error')){jQuery('#gform_wrapper_1398959563').addClass('gform_validation_error');} else {jQuery('#gform_wrapper_1398959563').removeClass('gform_validation_error');}setTimeout( function() { \/* delay the scroll by 50 milliseconds to fix a bug in chrome *\/ jQuery(document).scrollTop(jQuery('#gform_wrapper_1398959563').offset().top - mt); }, 50 );if(window['gformInitDatepicker']) {gformInitDatepicker();}if(window['gformInitPriceFields']) {gformInitPriceFields();}var current_page = jQuery('#gform_source_page_number_3').val();gformInitSpinner( 1398959563, 'https:\/\/campaigns.ancotrans.com\/wp-content\/themes\/mindmill\/images\/ajax-loader.gif' );jQuery(document).trigger('gform_page_loaded', [1398959563, current_page]);window['gf_submitting_1398959563'] = false;}else if(!is_redirect){var confirmation_content = jQuery(this).contents().find('.GF_AJAX_POSTBACK').html();if(!confirmation_content){confirmation_content = contents;}setTimeout(function(){jQuery('#gform_wrapper_1398959563').replaceWith(confirmation_content);jQuery(document).scrollTop(jQuery('#gf_1398959563').offset().top - mt);jQuery(document).trigger('gform_confirmation_loaded', [1398959563]);window['gf_submitting_1398959563'] = false;wp.a11y.speak(jQuery('#gform_confirmation_message_1398959563').text());}, 50);}else{jQuery('#gform_1398959563').append(contents);if(window['gformRedirect']) {gformRedirect();}}jQuery(document).trigger('gform_post_render', [1398959563, current_page]);} );} );\n<\/script>\n\n                                <\/div>\n                            \n                                                    <\/div>\n\n\n\n                    <\/div>\n\n                    \n                <\/div>\n            <\/div>\n        <\/div>\n    <\/div>\n<\/div>\n\n    <\/div>\n    <div class=\"theme-light schema-bg-color-light_background \">\n        <div class=\"container\">\n\n            \n                            <div class=\"pt-16 md:pt-16 lg:pt-24 pb-24 md:pb-48 lg:pb-48\">\n                    <div class=\"flex flex-col\">\n                        <div class=\"lg:w-2\/3 lg:pr-32 xl:pr-48\">\n\n                            <header class=\"mb-3\">\n                                \n                                <h2 class='text-2xl'><\/h2>\n                            <\/header>\n                            <div class=\"wysiwyg-content text-sm\">\n                                <p><strong>In einer Welt, die von immer gr\u00f6\u00dferen Anforderungen gepr\u00e4gt ist, kann die Auswahl des richtigen Transportpartners eine wichtige Gesch\u00e4ftsentscheidung sein.<\/strong><\/p>\n<p>Ihr Transportpartner spielt in Ihrer Lieferkette eine entscheidende Rolle, da er derjenige ist, der die Verantwortung f\u00fcr die Lieferung Ihrer Produkte tr\u00e4gt.<\/p>\n<p>Daher sollten Sie sich die Zeit nehmen, um genau den richtigen Partner f\u00fcr Ihr Gesch\u00e4ft zu finden.<\/p>\n<p>Um Ihnen die Suche zu erleichtern, haben wir sieben Tipps zur Auswahl des richtigen Partners zusammengestellt. Denn wir m\u00f6chten, dass Sie Unterbrechungen in Ihrer Lieferkette vermeiden und ein optimiertes Transportnetzwerk schaffen k\u00f6nnen.<\/p>\n                            <\/div>\n\n                        <\/div>\n\n                    <\/div>\n\n\n                                    <\/div>\n            \n\n        <\/div>\n    <\/div>\n\n\n<div class=\"container\"><div class=\"lg:mx-auto max-w-2xl\"><div class=\"core_spacer\">\n<div style=\"height:195px\" aria-hidden=\"true\" class=\"wp-block-spacer\"><\/div>\n<\/div><\/div><\/div>","protected":false},"excerpt":{"rendered":"","protected":false},"author":1,"featured_media":0,"parent":0,"menu_order":0,"comment_status":"closed","ping_status":"closed","template":"","meta":[],"segment":[],"acf":[],"yoast_head":"<!-- This site is optimized with the Yoast SEO plugin v19.14 - https:\/\/yoast.com\/wordpress\/plugins\/seo\/ -->\n<title>Sieben Tipps zur Auswahl des richtigen Transportpartners - Ancotrans - Campaigns<\/title>\n<meta name=\"robots\" content=\"index, follow, max-snippet:-1, max-image-preview:large, max-video-preview:-1\" \/>\n<link rel=\"canonical\" href=\"https:\/\/campaigns.ancotrans.com\/de\/7-schritte-richtigen-transportpartners\/\" \/>\n<meta property=\"og:locale\" content=\"de_DE\" \/>\n<meta property=\"og:type\" content=\"article\" \/>\n<meta property=\"og:title\" content=\"Sieben Tipps zur Auswahl des richtigen Transportpartners - Ancotrans - Campaigns\" \/>\n<meta property=\"og:url\" content=\"https:\/\/campaigns.ancotrans.com\/de\/7-schritte-richtigen-transportpartners\/\" \/>\n<meta property=\"og:site_name\" content=\"Ancotrans - Campaigns\" \/>\n<meta property=\"article:modified_time\" content=\"2021-08-19T11:09:01+00:00\" \/>\n<meta name=\"twitter:card\" content=\"summary_large_image\" \/>\n<script type=\"application\/ld+json\" class=\"yoast-schema-graph\">{\"@context\":\"https:\/\/schema.org\",\"@graph\":[{\"@type\":\"WebPage\",\"@id\":\"https:\/\/campaigns.ancotrans.com\/de\/7-schritte-richtigen-transportpartners\/\",\"url\":\"https:\/\/campaigns.ancotrans.com\/de\/7-schritte-richtigen-transportpartners\/\",\"name\":\"Sieben Tipps zur Auswahl des richtigen Transportpartners - Ancotrans - Campaigns\",\"isPartOf\":{\"@id\":\"https:\/\/campaigns.ancotrans.com\/nl\/#website\"},\"datePublished\":\"2021-06-24T12:53:25+00:00\",\"dateModified\":\"2021-08-19T11:09:01+00:00\",\"inLanguage\":\"de-DE\",\"potentialAction\":[{\"@type\":\"ReadAction\",\"target\":[\"https:\/\/campaigns.ancotrans.com\/de\/7-schritte-richtigen-transportpartners\/\"]}]},{\"@type\":\"WebSite\",\"@id\":\"https:\/\/campaigns.ancotrans.com\/nl\/#website\",\"url\":\"https:\/\/campaigns.ancotrans.com\/nl\/\",\"name\":\"Ancotrans - Campaigns\",\"description\":\"\",\"potentialAction\":[{\"@type\":\"SearchAction\",\"target\":{\"@type\":\"EntryPoint\",\"urlTemplate\":\"https:\/\/campaigns.ancotrans.com\/nl\/?s={search_term_string}\"},\"query-input\":\"required name=search_term_string\"}],\"inLanguage\":\"de-DE\"}]}<\/script>\n<!-- \/ Yoast SEO plugin. -->","yoast_head_json":{"title":"Sieben Tipps zur Auswahl des richtigen Transportpartners - Ancotrans - Campaigns","robots":{"index":"index","follow":"follow","max-snippet":"max-snippet:-1","max-image-preview":"max-image-preview:large","max-video-preview":"max-video-preview:-1"},"canonical":"https:\/\/campaigns.ancotrans.com\/de\/7-schritte-richtigen-transportpartners\/","og_locale":"de_DE","og_type":"article","og_title":"Sieben Tipps zur Auswahl des richtigen Transportpartners - Ancotrans - Campaigns","og_url":"https:\/\/campaigns.ancotrans.com\/de\/7-schritte-richtigen-transportpartners\/","og_site_name":"Ancotrans - Campaigns","article_modified_time":"2021-08-19T11:09:01+00:00","twitter_card":"summary_large_image","schema":{"@context":"https:\/\/schema.org","@graph":[{"@type":"WebPage","@id":"https:\/\/campaigns.ancotrans.com\/de\/7-schritte-richtigen-transportpartners\/","url":"https:\/\/campaigns.ancotrans.com\/de\/7-schritte-richtigen-transportpartners\/","name":"Sieben Tipps zur Auswahl des richtigen Transportpartners - Ancotrans - Campaigns","isPartOf":{"@id":"https:\/\/campaigns.ancotrans.com\/nl\/#website"},"datePublished":"2021-06-24T12:53:25+00:00","dateModified":"2021-08-19T11:09:01+00:00","inLanguage":"de-DE","potentialAction":[{"@type":"ReadAction","target":["https:\/\/campaigns.ancotrans.com\/de\/7-schritte-richtigen-transportpartners\/"]}]},{"@type":"WebSite","@id":"https:\/\/campaigns.ancotrans.com\/nl\/#website","url":"https:\/\/campaigns.ancotrans.com\/nl\/","name":"Ancotrans - Campaigns","description":"","potentialAction":[{"@type":"SearchAction","target":{"@type":"EntryPoint","urlTemplate":"https:\/\/campaigns.ancotrans.com\/nl\/?s={search_term_string}"},"query-input":"required name=search_term_string"}],"inLanguage":"de-DE"}]}},"_links":{"self":[{"href":"https:\/\/campaigns.ancotrans.com\/de\/wp-json\/wp\/v2\/pages\/471"}],"collection":[{"href":"https:\/\/campaigns.ancotrans.com\/de\/wp-json\/wp\/v2\/pages"}],"about":[{"href":"https:\/\/campaigns.ancotrans.com\/de\/wp-json\/wp\/v2\/types\/page"}],"author":[{"embeddable":true,"href":"https:\/\/campaigns.ancotrans.com\/de\/wp-json\/wp\/v2\/users\/1"}],"replies":[{"embeddable":true,"href":"https:\/\/campaigns.ancotrans.com\/de\/wp-json\/wp\/v2\/comments?post=471"}],"version-history":[{"count":12,"href":"https:\/\/campaigns.ancotrans.com\/de\/wp-json\/wp\/v2\/pages\/471\/revisions"}],"predecessor-version":[{"id":822,"href":"https:\/\/campaigns.ancotrans.com\/de\/wp-json\/wp\/v2\/pages\/471\/revisions\/822"}],"wp:attachment":[{"href":"https:\/\/campaigns.ancotrans.com\/de\/wp-json\/wp\/v2\/media?parent=471"}],"wp:term":[{"taxonomy":"segment","embeddable":true,"href":"https:\/\/campaigns.ancotrans.com\/de\/wp-json\/wp\/v2\/segment?post=471"}],"curies":[{"name":"wp","href":"https:\/\/api.w.org\/{rel}","templated":true}]}}